{"id":21,"date":"2017-06-19T07:07:39","date_gmt":"2017-06-19T07:07:39","guid":{"rendered":"http:\/\/127.0.0.1\/TECHNORIAT\/services\/"},"modified":"2024-04-27T15:15:21","modified_gmt":"2024-04-27T13:15:21","slug":"technoriat-2-0","status":"publish","type":"page","link":"https:\/\/technoriat.net\/en\/technoriat-2-0\/","title":{"rendered":"TECHNORIAT 2.0"},"content":{"rendered":"<div data-elementor-type=\"wp-post\" data-elementor-id=\"21\" class=\"elementor elementor-21\">\n\t\t\t\t<div class=\"elementor-element elementor-element-86fb91a e-flex e-con-boxed e-con e-parent\" data-id=\"86fb91a\" data-element_type=\"container\" data-e-type=\"container\" data-settings=\"{&quot;background_background&quot;:&quot;classic&quot;}\">\n\t\t\t\t\t<div class=\"e-con-inner\">\n\t\t<div class=\"elementor-element elementor-element-5514515 e-con-full e-flex e-con e-child\" data-id=\"5514515\" data-element_type=\"container\" data-e-type=\"container\">\n\t\t\t\t<div class=\"elementor-element elementor-element-3ed001d elementor-widget elementor-widget-heading\" data-id=\"3ed001d\" data-element_type=\"widget\" data-e-type=\"widget\" data-widget_type=\"heading.default\">\n\t\t\t\t<div class=\"elementor-widget-container\">\n\t\t\t\t\t<h2 class=\"elementor-heading-title elementor-size-default\">TECHNORIAT 2.0<\/h2>\t\t\t\t<\/div>\n\t\t\t\t<\/div>\n\t\t\t\t<div class=\"elementor-element elementor-element-a956e78 elementor-widget elementor-widget-text-editor\" data-id=\"a956e78\" data-element_type=\"widget\" data-e-type=\"widget\" data-widget_type=\"text-editor.default\">\n\t\t\t\t<div class=\"elementor-widget-container\">\n\t\t\t\t\t\t\t\t\t<p><span class=\"OYPEnA text-decoration-none text-strikethrough-none\">TECHNORIAT is a support program enabling the development of technological startups stemming from scientific research results and based on the valorization of intellectual property.<\/span><\/p>\t\t\t\t\t\t\t\t<\/div>\n\t\t\t\t<\/div>\n\t\t\t\t<div class=\"elementor-element elementor-element-4e97f68 elementor-widget elementor-widget-button\" data-id=\"4e97f68\" data-element_type=\"widget\" data-e-type=\"widget\" data-widget_type=\"button.default\">\n\t\t\t\t<div class=\"elementor-widget-container\">\n\t\t\t\t\t\t\t\t\t<div class=\"elementor-button-wrapper\">\n\t\t\t\t\t<a class=\"elementor-button elementor-button-link elementor-size-sm\" href=\"https:\/\/technoriat.net\/en\/contact\/\">\n\t\t\t\t\t\t<span class=\"elementor-button-content-wrapper\">\n\t\t\t\t\t\t\t\t\t<span class=\"elementor-button-text\">Contact us<\/span>\n\t\t\t\t\t<\/span>\n\t\t\t\t\t<\/a>\n\t\t\t\t<\/div>\n\t\t\t\t\t\t\t\t<\/div>\n\t\t\t\t<\/div>\n\t\t\t\t<\/div>\n\t\t<div class=\"elementor-element elementor-element-ed0976f e-con-full e-flex e-con e-child\" data-id=\"ed0976f\" data-element_type=\"container\" data-e-type=\"container\">\n\t\t\t\t<div class=\"elementor-element elementor-element-d866dd3 elementor-widget elementor-widget-image\" data-id=\"d866dd3\" data-element_type=\"widget\" data-e-type=\"widget\" data-widget_type=\"image.default\">\n\t\t\t\t<div class=\"elementor-widget-container\">\n\t\t\t\t\t\t\t\t\t\t\t\t\t\t\t<img fetchpriority=\"high\" decoding=\"async\" width=\"512\" height=\"512\" src=\"https:\/\/technoriat.net\/wp-content\/uploads\/2024\/04\/travail-en-cours.png\" class=\"elementor-animation-pulse-shrink attachment-large size-large wp-image-3176\" alt=\"\" srcset=\"https:\/\/technoriat.net\/wp-content\/uploads\/2024\/04\/travail-en-cours.png 512w, https:\/\/technoriat.net\/wp-content\/uploads\/2024\/04\/travail-en-cours-300x300.png 300w, https:\/\/technoriat.net\/wp-content\/uploads\/2024\/04\/travail-en-cours-150x150.png 150w\" sizes=\"(max-width: 512px) 100vw, 512px\" \/>\t\t\t\t\t\t\t\t\t\t\t\t\t\t\t<\/div>\n\t\t\t\t<\/div>\n\t\t\t\t<\/div>\n\t\t\t\t\t<\/div>\n\t\t\t\t<\/div>\n\t\t<div class=\"elementor-element elementor-element-37946aa elementor-hidden-desktop elementor-hidden-tablet elementor-hidden-mobile e-flex e-con-boxed e-con e-parent\" data-id=\"37946aa\" data-element_type=\"container\" data-e-type=\"container\" data-settings=\"{&quot;background_background&quot;:&quot;classic&quot;}\">\n\t\t\t\t\t<div class=\"e-con-inner\">\n\t\t<div class=\"elementor-element elementor-element-d4a32e4 e-con-full e-flex e-con e-child\" data-id=\"d4a32e4\" data-element_type=\"container\" data-e-type=\"container\">\n\t\t<div class=\"elementor-element elementor-element-e653940 e-con-full e-flex e-con e-child\" data-id=\"e653940\" data-element_type=\"container\" data-e-type=\"container\">\n\t\t\t\t<div class=\"elementor-element elementor-element-520c90c elementor-widget elementor-widget-heading\" data-id=\"520c90c\" data-element_type=\"widget\" data-e-type=\"widget\" data-widget_type=\"heading.default\">\n\t\t\t\t<div class=\"elementor-widget-container\">\n\t\t\t\t\t<h2 class=\"elementor-heading-title elementor-size-default\">8 bonnes raisons de devenir TECHNORIATE\n<\/h2>\t\t\t\t<\/div>\n\t\t\t\t<\/div>\n\t\t\t\t<\/div>\n\t\t<div class=\"elementor-element elementor-element-82f8626 e-con-full e-flex elementor-invisible e-con e-child\" data-id=\"82f8626\" data-element_type=\"container\" data-e-type=\"container\" data-settings=\"{&quot;animation&quot;:&quot;bounce&quot;}\">\n\t\t<div class=\"elementor-element elementor-element-e994e47 e-con-full e-flex e-con e-child\" data-id=\"e994e47\" data-element_type=\"container\" data-e-type=\"container\">\n\t\t\t\t<div class=\"elementor-element elementor-element-9f3c49e elementor-position-top elementor-invisible elementor-widget elementor-widget-image-box\" data-id=\"9f3c49e\" data-element_type=\"widget\" data-e-type=\"widget\" data-settings=\"{&quot;_animation&quot;:&quot;fadeIn&quot;,&quot;_animation_delay&quot;:100}\" data-widget_type=\"image-box.default\">\n\t\t\t\t<div class=\"elementor-widget-container\">\n\t\t\t\t\t<div class=\"elementor-image-box-wrapper\"><figure class=\"elementor-image-box-img\"><img decoding=\"async\" width=\"150\" height=\"150\" src=\"https:\/\/technoriat.net\/wp-content\/uploads\/2024\/01\/01_2x-150x150-1.png\" class=\"attachment-full size-full wp-image-1752\" alt=\"\" \/><\/figure><div class=\"elementor-image-box-content\"><h4 class=\"elementor-image-box-title\">Entreprendre<\/h4><p class=\"elementor-image-box-description\">Cr\u00e9er une entreprise\ninternationale<\/p><\/div><\/div>\t\t\t\t<\/div>\n\t\t\t\t<\/div>\n\t\t\t\t<\/div>\n\t\t<div class=\"elementor-element elementor-element-dfb6e15 e-con-full e-flex e-con e-child\" data-id=\"dfb6e15\" data-element_type=\"container\" data-e-type=\"container\">\n\t\t\t\t<div class=\"elementor-element elementor-element-d74eeb2 elementor-position-top elementor-invisible elementor-widget elementor-widget-image-box\" data-id=\"d74eeb2\" data-element_type=\"widget\" data-e-type=\"widget\" data-settings=\"{&quot;_animation&quot;:&quot;fadeIn&quot;,&quot;_animation_delay&quot;:200}\" data-widget_type=\"image-box.default\">\n\t\t\t\t<div class=\"elementor-widget-container\">\n\t\t\t\t\t<div class=\"elementor-image-box-wrapper\"><figure class=\"elementor-image-box-img\"><img decoding=\"async\" width=\"150\" height=\"150\" src=\"https:\/\/technoriat.net\/wp-content\/uploads\/2024\/01\/02@2x-150x150-2.png\" class=\"attachment-full size-full wp-image-1753\" alt=\"\" \/><\/figure><div class=\"elementor-image-box-content\"><h4 class=\"elementor-image-box-title\">Donner Vie<\/h4><p class=\"elementor-image-box-description\">\u00e0 son projet de recherche \u00e0 travers de l\u2019expertise et un budget cons\u00e9quent<\/p><\/div><\/div>\t\t\t\t<\/div>\n\t\t\t\t<\/div>\n\t\t\t\t<\/div>\n\t\t<div class=\"elementor-element elementor-element-02130a1 e-con-full e-flex e-con e-child\" data-id=\"02130a1\" data-element_type=\"container\" data-e-type=\"container\">\n\t\t\t\t<div class=\"elementor-element elementor-element-def2a81 elementor-position-top elementor-invisible elementor-widget elementor-widget-image-box\" data-id=\"def2a81\" data-element_type=\"widget\" data-e-type=\"widget\" data-settings=\"{&quot;_animation&quot;:&quot;fadeIn&quot;,&quot;_animation_delay&quot;:300}\" data-widget_type=\"image-box.default\">\n\t\t\t\t<div class=\"elementor-widget-container\">\n\t\t\t\t\t<div class=\"elementor-image-box-wrapper\"><figure class=\"elementor-image-box-img\"><img loading=\"lazy\" decoding=\"async\" width=\"150\" height=\"150\" src=\"https:\/\/technoriat.net\/wp-content\/uploads\/2024\/01\/03@2x-150x150-1.png\" class=\"attachment-full size-full wp-image-1754\" alt=\"\" \/><\/figure><div class=\"elementor-image-box-content\"><h4 class=\"elementor-image-box-title\">Financer<\/h4><p class=\"elementor-image-box-description\">Son r\u00eave et acqu\u00e9rir de nouvelles comp\u00e9tences\n\n<\/p><\/div><\/div>\t\t\t\t<\/div>\n\t\t\t\t<\/div>\n\t\t\t\t<\/div>\n\t\t<div class=\"elementor-element elementor-element-145e2f9 e-con-full e-flex e-con e-child\" data-id=\"145e2f9\" data-element_type=\"container\" data-e-type=\"container\">\n\t\t\t\t<div class=\"elementor-element elementor-element-da02d22 elementor-position-top elementor-invisible elementor-widget elementor-widget-image-box\" data-id=\"da02d22\" data-element_type=\"widget\" data-e-type=\"widget\" data-settings=\"{&quot;_animation&quot;:&quot;fadeIn&quot;,&quot;_animation_delay&quot;:400}\" data-widget_type=\"image-box.default\">\n\t\t\t\t<div class=\"elementor-widget-container\">\n\t\t\t\t\t<div class=\"elementor-image-box-wrapper\"><figure class=\"elementor-image-box-img\"><img loading=\"lazy\" decoding=\"async\" width=\"150\" height=\"150\" src=\"https:\/\/technoriat.net\/wp-content\/uploads\/2024\/01\/04@2x-150x150-1.png\" class=\"attachment-full size-full wp-image-1755\" alt=\"\" \/><\/figure><div class=\"elementor-image-box-content\"><h4 class=\"elementor-image-box-title\">Enregistrer<\/h4><p class=\"elementor-image-box-description\">son propre brevet\n\u00e0 l\u2019international<\/p><\/div><\/div>\t\t\t\t<\/div>\n\t\t\t\t<\/div>\n\t\t\t\t<\/div>\n\t\t\t\t<\/div>\n\t\t<div class=\"elementor-element elementor-element-35adb9f e-con-full e-flex e-con e-child\" data-id=\"35adb9f\" data-element_type=\"container\" data-e-type=\"container\">\n\t\t<div class=\"elementor-element elementor-element-281efb8 e-con-full e-flex e-con e-child\" data-id=\"281efb8\" data-element_type=\"container\" data-e-type=\"container\">\n\t\t\t\t<div class=\"elementor-element elementor-element-fac37dc elementor-position-top elementor-invisible elementor-widget elementor-widget-image-box\" data-id=\"fac37dc\" data-element_type=\"widget\" data-e-type=\"widget\" data-settings=\"{&quot;_animation&quot;:&quot;fadeIn&quot;,&quot;_animation_delay&quot;:500}\" data-widget_type=\"image-box.default\">\n\t\t\t\t<div class=\"elementor-widget-container\">\n\t\t\t\t\t<div class=\"elementor-image-box-wrapper\"><figure class=\"elementor-image-box-img\"><img loading=\"lazy\" decoding=\"async\" width=\"150\" height=\"150\" src=\"https:\/\/technoriat.net\/wp-content\/uploads\/2024\/01\/05@2x-150x150-1.png\" class=\"attachment-full size-full wp-image-1756\" alt=\"\" \/><\/figure><div class=\"elementor-image-box-content\"><h4 class=\"elementor-image-box-title\">Entreprendre<\/h4><p class=\"elementor-image-box-description\">Cr\u00e9er une entreprise\ninternationale<\/p><\/div><\/div>\t\t\t\t<\/div>\n\t\t\t\t<\/div>\n\t\t\t\t<\/div>\n\t\t<div class=\"elementor-element elementor-element-cd32923 e-con-full e-flex e-con e-child\" data-id=\"cd32923\" data-element_type=\"container\" data-e-type=\"container\">\n\t\t\t\t<div class=\"elementor-element elementor-element-7da1249 elementor-position-top elementor-invisible elementor-widget elementor-widget-image-box\" data-id=\"7da1249\" data-element_type=\"widget\" data-e-type=\"widget\" data-settings=\"{&quot;_animation&quot;:&quot;fadeIn&quot;,&quot;_animation_delay&quot;:600}\" data-widget_type=\"image-box.default\">\n\t\t\t\t<div class=\"elementor-widget-container\">\n\t\t\t\t\t<div class=\"elementor-image-box-wrapper\"><figure class=\"elementor-image-box-img\"><img loading=\"lazy\" decoding=\"async\" width=\"150\" height=\"150\" src=\"https:\/\/technoriat.net\/wp-content\/uploads\/2024\/01\/06@2x-150x150-3.png\" class=\"attachment-full size-full wp-image-2715\" alt=\"\" \/><\/figure><div class=\"elementor-image-box-content\"><h4 class=\"elementor-image-box-title\">Donner Vie<\/h4><p class=\"elementor-image-box-description\">\u00e0 son projet de recherche \u00e0 travers de l\u2019expertise et un budget cons\u00e9quent<\/p><\/div><\/div>\t\t\t\t<\/div>\n\t\t\t\t<\/div>\n\t\t\t\t<\/div>\n\t\t<div class=\"elementor-element elementor-element-fb3d989 e-con-full e-flex e-con e-child\" data-id=\"fb3d989\" data-element_type=\"container\" data-e-type=\"container\">\n\t\t\t\t<div class=\"elementor-element elementor-element-bdb7367 elementor-position-top elementor-invisible elementor-widget elementor-widget-image-box\" data-id=\"bdb7367\" data-element_type=\"widget\" data-e-type=\"widget\" data-settings=\"{&quot;_animation&quot;:&quot;fadeIn&quot;,&quot;_animation_delay&quot;:700}\" data-widget_type=\"image-box.default\">\n\t\t\t\t<div class=\"elementor-widget-container\">\n\t\t\t\t\t<div class=\"elementor-image-box-wrapper\"><figure class=\"elementor-image-box-img\"><img loading=\"lazy\" decoding=\"async\" width=\"150\" height=\"150\" src=\"https:\/\/technoriat.net\/wp-content\/uploads\/2024\/01\/07@2x-150x150-1.png\" class=\"attachment-full size-full wp-image-1757\" alt=\"\" \/><\/figure><div class=\"elementor-image-box-content\"><h4 class=\"elementor-image-box-title\">Financer<\/h4><p class=\"elementor-image-box-description\">Son r\u00eave et acqu\u00e9rir de nouvelles comp\u00e9tences\n\n<\/p><\/div><\/div>\t\t\t\t<\/div>\n\t\t\t\t<\/div>\n\t\t\t\t<\/div>\n\t\t<div class=\"elementor-element elementor-element-37a276e e-con-full e-flex e-con e-child\" data-id=\"37a276e\" data-element_type=\"container\" data-e-type=\"container\">\n\t\t\t\t<div class=\"elementor-element elementor-element-7635ddf elementor-position-top elementor-invisible elementor-widget elementor-widget-image-box\" data-id=\"7635ddf\" data-element_type=\"widget\" data-e-type=\"widget\" data-settings=\"{&quot;_animation&quot;:&quot;fadeIn&quot;,&quot;_animation_delay&quot;:800}\" data-widget_type=\"image-box.default\">\n\t\t\t\t<div class=\"elementor-widget-container\">\n\t\t\t\t\t<div class=\"elementor-image-box-wrapper\"><figure class=\"elementor-image-box-img\"><img loading=\"lazy\" decoding=\"async\" width=\"150\" height=\"150\" src=\"https:\/\/technoriat.net\/wp-content\/uploads\/2024\/01\/08@2x-150x150-1.png\" class=\"attachment-full size-full wp-image-1758\" alt=\"\" \/><\/figure><div class=\"elementor-image-box-content\"><h4 class=\"elementor-image-box-title\">Enregistrer<\/h4><p class=\"elementor-image-box-description\">son propre brevet\n\u00e0 l\u2019international<\/p><\/div><\/div>\t\t\t\t<\/div>\n\t\t\t\t<\/div>\n\t\t\t\t<\/div>\n\t\t\t\t<\/div>\n\t\t\t\t<\/div>\n\t\t\t\t\t<\/div>\n\t\t\t\t<\/div>\n\t\t\t\t<\/div>","protected":false},"excerpt":{"rendered":"<p>TECHNORIAT 2.0 TECHNORIAT est un programme de soutien permettant le d\u00e9veloppement de startups technologiques issues des r\u00e9sultats de la recherche scientifique et bas\u00e9 sur la valorisation de la propri\u00e9t\u00e9 intellectuelle. Contactez nous 8 bonnes raisons de devenir TECHNORIATE Entreprendre Cr\u00e9er une entreprise internationale Donner Vie \u00e0 son projet de recherche \u00e0 travers de l\u2019expertise et [&hellip;]<\/p>","protected":false},"author":1,"featured_media":0,"parent":0,"menu_order":0,"comment_status":"closed","ping_status":"closed","template":"","meta":{"site-sidebar-layout":"no-sidebar","site-content-layout":"page-builder","ast-site-content-layout":"default","site-content-style":"default","site-sidebar-style":"default","ast-global-header-display":"","ast-banner-title-visibility":"","ast-main-header-display":"","ast-hfb-above-header-display":"","ast-hfb-below-header-display":"","ast-hfb-mobile-header-display":"","site-post-title":"disabled","ast-breadcrumbs-content":"","ast-featured-img":"disabled","footer-sml-layout":"","ast-disable-related-posts":"","theme-transparent-header-meta":"enabled","adv-header-id-meta":"","stick-header-meta":"","header-above-stick-meta":"","header-main-stick-meta":"","header-below-stick-meta":"","astra-migrate-meta-layouts":"default","ast-page-background-enabled":"default","ast-page-background-meta":{"desktop":{"background-color":"","background-image":"","background-repeat":"repeat","background-position":"center center","background-size":"auto","background-attachment":"scroll","background-type":"","background-media":"","overlay-type":"","overlay-color":"","overlay-opacity":"","overlay-gradient":""},"tablet":{"background-color":"","background-image":"","background-repeat":"repeat","background-position":"center center","background-size":"auto","background-attachment":"scroll","background-type":"","background-media":"","overlay-type":"","overlay-color":"","overlay-opacity":"","overlay-gradient":""},"mobile":{"background-color":"","background-image":"","background-repeat":"repeat","background-position":"center center","background-size":"auto","background-attachment":"scroll","background-type":"","background-media":"","overlay-type":"","overlay-color":"","overlay-opacity":"","overlay-gradient":""}},"ast-content-background-meta":{"desktop":{"background-color":"var(--ast-global-color-5)","background-image":"","background-repeat":"repeat","background-position":"center center","background-size":"auto","background-attachment":"scroll","background-type":"","background-media":"","overlay-type":"","overlay-color":"","overlay-opacity":"","overlay-gradient":""},"tablet":{"background-color":"var(--ast-global-color-5)","background-image":"","background-repeat":"repeat","background-position":"center center","background-size":"auto","background-attachment":"scroll","background-type":"","background-media":"","overlay-type":"","overlay-color":"","overlay-opacity":"","overlay-gradient":""},"mobile":{"background-color":"var(--ast-global-color-5)","background-image":"","background-repeat":"repeat","background-position":"center center","background-size":"auto","background-attachment":"scroll","background-type":"","background-media":"","overlay-type":"","overlay-color":"","overlay-opacity":"","overlay-gradient":""}},"footnotes":""},"class_list":["post-21","page","type-page","status-publish","hentry"],"yoast_head":"<!-- This site is optimized with the Yoast SEO plugin v22.4 - https:\/\/yoast.com\/wordpress\/plugins\/seo\/ -->\n<title>TECHNORIAT 2.0 - TECHNORIAT<\/title>\n<meta name=\"robots\" content=\"index, follow, max-snippet:-1, max-image-preview:large, max-video-preview:-1\" \/>\n<link rel=\"canonical\" href=\"https:\/\/technoriat.net\/en\/technoriat-2-0\/\" \/>\n<meta property=\"og:locale\" content=\"en_US\" \/>\n<meta property=\"og:type\" content=\"article\" \/>\n<meta property=\"og:title\" content=\"TECHNORIAT 2.0 - TECHNORIAT\" \/>\n<meta property=\"og:description\" content=\"TECHNORIAT 2.0 TECHNORIAT est un programme de soutien permettant le d\u00e9veloppement de startups technologiques issues des r\u00e9sultats de la recherche scientifique et bas\u00e9 sur la valorisation de la propri\u00e9t\u00e9 intellectuelle. Contactez nous 8 bonnes raisons de devenir TECHNORIATE Entreprendre Cr\u00e9er une entreprise internationale Donner Vie \u00e0 son projet de recherche \u00e0 travers de l\u2019expertise et [&hellip;]\" \/>\n<meta property=\"og:url\" content=\"https:\/\/technoriat.net\/en\/technoriat-2-0\/\" \/>\n<meta property=\"og:site_name\" content=\"TECHNORIAT\" \/>\n<meta property=\"article:publisher\" content=\"https:\/\/www.facebook.com\/Technoriat\" \/>\n<meta property=\"article:modified_time\" content=\"2024-04-27T13:15:21+00:00\" \/>\n<meta property=\"og:image\" content=\"https:\/\/technoriat.net\/wp-content\/uploads\/2024\/04\/travail-en-cours.png\" \/>\n<meta name=\"twitter:card\" content=\"summary_large_image\" \/>\n<meta name=\"twitter:site\" content=\"@Technoriat\" \/>\n<meta name=\"twitter:label1\" content=\"Est. reading time\" \/>\n\t<meta name=\"twitter:data1\" content=\"3 minutes\" \/>\n<script type=\"application\/ld+json\" class=\"yoast-schema-graph\">{\"@context\":\"https:\/\/schema.org\",\"@graph\":[{\"@type\":\"WebPage\",\"@id\":\"https:\/\/technoriat.net\/technoriat-2-0\/\",\"url\":\"https:\/\/technoriat.net\/technoriat-2-0\/\",\"name\":\"TECHNORIAT 2.0 - TECHNORIAT\",\"isPartOf\":{\"@id\":\"https:\/\/technoriat.net\/#website\"},\"primaryImageOfPage\":{\"@id\":\"https:\/\/technoriat.net\/technoriat-2-0\/#primaryimage\"},\"image\":{\"@id\":\"https:\/\/technoriat.net\/technoriat-2-0\/#primaryimage\"},\"thumbnailUrl\":\"https:\/\/technoriat.net\/wp-content\/uploads\/2024\/04\/travail-en-cours.png\",\"datePublished\":\"2017-06-19T07:07:39+00:00\",\"dateModified\":\"2024-04-27T13:15:21+00:00\",\"breadcrumb\":{\"@id\":\"https:\/\/technoriat.net\/technoriat-2-0\/#breadcrumb\"},\"inLanguage\":\"en-US\",\"potentialAction\":[{\"@type\":\"ReadAction\",\"target\":[\"https:\/\/technoriat.net\/technoriat-2-0\/\"]}]},{\"@type\":\"ImageObject\",\"inLanguage\":\"en-US\",\"@id\":\"https:\/\/technoriat.net\/technoriat-2-0\/#primaryimage\",\"url\":\"https:\/\/technoriat.net\/wp-content\/uploads\/2024\/04\/travail-en-cours.png\",\"contentUrl\":\"https:\/\/technoriat.net\/wp-content\/uploads\/2024\/04\/travail-en-cours.png\"},{\"@type\":\"BreadcrumbList\",\"@id\":\"https:\/\/technoriat.net\/technoriat-2-0\/#breadcrumb\",\"itemListElement\":[{\"@type\":\"ListItem\",\"position\":1,\"name\":\"Accueil\",\"item\":\"https:\/\/technoriat.net\/\"},{\"@type\":\"ListItem\",\"position\":2,\"name\":\"TECHNORIAT 2.0\"}]},{\"@type\":\"WebSite\",\"@id\":\"https:\/\/technoriat.net\/#website\",\"url\":\"https:\/\/technoriat.net\/\",\"name\":\"TECHNORIAT\",\"description\":\"TECHNORIAT\",\"publisher\":{\"@id\":\"https:\/\/technoriat.net\/#organization\"},\"potentialAction\":[{\"@type\":\"SearchAction\",\"target\":{\"@type\":\"EntryPoint\",\"urlTemplate\":\"https:\/\/technoriat.net\/?s={search_term_string}\"},\"query-input\":\"required name=search_term_string\"}],\"inLanguage\":\"en-US\"},{\"@type\":\"Organization\",\"@id\":\"https:\/\/technoriat.net\/#organization\",\"name\":\"TECHNORIAT\",\"url\":\"https:\/\/technoriat.net\/\",\"logo\":{\"@type\":\"ImageObject\",\"inLanguage\":\"en-US\",\"@id\":\"https:\/\/technoriat.net\/#\/schema\/logo\/image\/\",\"url\":\"https:\/\/technoriat.net\/wp-content\/uploads\/2024\/01\/cropped-cropped-logo-technoriat-2.0-_Plan-de-travail-1-02.png\",\"contentUrl\":\"https:\/\/technoriat.net\/wp-content\/uploads\/2024\/01\/cropped-cropped-logo-technoriat-2.0-_Plan-de-travail-1-02.png\",\"width\":1080,\"height\":360,\"caption\":\"TECHNORIAT\"},\"image\":{\"@id\":\"https:\/\/technoriat.net\/#\/schema\/logo\/image\/\"},\"sameAs\":[\"https:\/\/www.facebook.com\/Technoriat\",\"https:\/\/twitter.com\/Technoriat\"]}]}<\/script>\n<!-- \/ Yoast SEO plugin. -->","yoast_head_json":{"title":"TECHNORIAT 2.0 - TECHNORIAT","robots":{"index":"index","follow":"follow","max-snippet":"max-snippet:-1","max-image-preview":"max-image-preview:large","max-video-preview":"max-video-preview:-1"},"canonical":"https:\/\/technoriat.net\/en\/technoriat-2-0\/","og_locale":"en_US","og_type":"article","og_title":"TECHNORIAT 2.0 - TECHNORIAT","og_description":"TECHNORIAT 2.0 TECHNORIAT est un programme de soutien permettant le d\u00e9veloppement de startups technologiques issues des r\u00e9sultats de la recherche scientifique et bas\u00e9 sur la valorisation de la propri\u00e9t\u00e9 intellectuelle. Contactez nous 8 bonnes raisons de devenir TECHNORIATE Entreprendre Cr\u00e9er une entreprise internationale Donner Vie \u00e0 son projet de recherche \u00e0 travers de l\u2019expertise et [&hellip;]","og_url":"https:\/\/technoriat.net\/en\/technoriat-2-0\/","og_site_name":"TECHNORIAT","article_publisher":"https:\/\/www.facebook.com\/Technoriat","article_modified_time":"2024-04-27T13:15:21+00:00","og_image":[{"url":"https:\/\/technoriat.net\/wp-content\/uploads\/2024\/04\/travail-en-cours.png"}],"twitter_card":"summary_large_image","twitter_site":"@Technoriat","twitter_misc":{"Est. reading time":"3 minutes"},"schema":{"@context":"https:\/\/schema.org","@graph":[{"@type":"WebPage","@id":"https:\/\/technoriat.net\/technoriat-2-0\/","url":"https:\/\/technoriat.net\/technoriat-2-0\/","name":"TECHNORIAT 2.0 - TECHNORIAT","isPartOf":{"@id":"https:\/\/technoriat.net\/#website"},"primaryImageOfPage":{"@id":"https:\/\/technoriat.net\/technoriat-2-0\/#primaryimage"},"image":{"@id":"https:\/\/technoriat.net\/technoriat-2-0\/#primaryimage"},"thumbnailUrl":"https:\/\/technoriat.net\/wp-content\/uploads\/2024\/04\/travail-en-cours.png","datePublished":"2017-06-19T07:07:39+00:00","dateModified":"2024-04-27T13:15:21+00:00","breadcrumb":{"@id":"https:\/\/technoriat.net\/technoriat-2-0\/#breadcrumb"},"inLanguage":"en-US","potentialAction":[{"@type":"ReadAction","target":["https:\/\/technoriat.net\/technoriat-2-0\/"]}]},{"@type":"ImageObject","inLanguage":"en-US","@id":"https:\/\/technoriat.net\/technoriat-2-0\/#primaryimage","url":"https:\/\/technoriat.net\/wp-content\/uploads\/2024\/04\/travail-en-cours.png","contentUrl":"https:\/\/technoriat.net\/wp-content\/uploads\/2024\/04\/travail-en-cours.png"},{"@type":"BreadcrumbList","@id":"https:\/\/technoriat.net\/technoriat-2-0\/#breadcrumb","itemListElement":[{"@type":"ListItem","position":1,"name":"Accueil","item":"https:\/\/technoriat.net\/"},{"@type":"ListItem","position":2,"name":"TECHNORIAT 2.0"}]},{"@type":"WebSite","@id":"https:\/\/technoriat.net\/#website","url":"https:\/\/technoriat.net\/","name":"TECHNORIAT","description":"TECHNORIAT","publisher":{"@id":"https:\/\/technoriat.net\/#organization"},"potentialAction":[{"@type":"SearchAction","target":{"@type":"EntryPoint","urlTemplate":"https:\/\/technoriat.net\/?s={search_term_string}"},"query-input":"required name=search_term_string"}],"inLanguage":"en-US"},{"@type":"Organization","@id":"https:\/\/technoriat.net\/#organization","name":"TECHNORIAT","url":"https:\/\/technoriat.net\/","logo":{"@type":"ImageObject","inLanguage":"en-US","@id":"https:\/\/technoriat.net\/#\/schema\/logo\/image\/","url":"https:\/\/technoriat.net\/wp-content\/uploads\/2024\/01\/cropped-cropped-logo-technoriat-2.0-_Plan-de-travail-1-02.png","contentUrl":"https:\/\/technoriat.net\/wp-content\/uploads\/2024\/01\/cropped-cropped-logo-technoriat-2.0-_Plan-de-travail-1-02.png","width":1080,"height":360,"caption":"TECHNORIAT"},"image":{"@id":"https:\/\/technoriat.net\/#\/schema\/logo\/image\/"},"sameAs":["https:\/\/www.facebook.com\/Technoriat","https:\/\/twitter.com\/Technoriat"]}]}},"_links":{"self":[{"href":"https:\/\/technoriat.net\/en\/wp-json\/wp\/v2\/pages\/21","targetHints":{"allow":["GET"]}}],"collection":[{"href":"https:\/\/technoriat.net\/en\/wp-json\/wp\/v2\/pages"}],"about":[{"href":"https:\/\/technoriat.net\/en\/wp-json\/wp\/v2\/types\/page"}],"author":[{"embeddable":true,"href":"https:\/\/technoriat.net\/en\/wp-json\/wp\/v2\/users\/1"}],"replies":[{"embeddable":true,"href":"https:\/\/technoriat.net\/en\/wp-json\/wp\/v2\/comments?post=21"}],"version-history":[{"count":107,"href":"https:\/\/technoriat.net\/en\/wp-json\/wp\/v2\/pages\/21\/revisions"}],"predecessor-version":[{"id":3239,"href":"https:\/\/technoriat.net\/en\/wp-json\/wp\/v2\/pages\/21\/revisions\/3239"}],"wp:attachment":[{"href":"https:\/\/technoriat.net\/en\/wp-json\/wp\/v2\/media?parent=21"}],"curies":[{"name":"wp","href":"https:\/\/api.w.org\/{rel}","templated":true}]}}