{"id":2015,"date":"2024-01-12T11:31:05","date_gmt":"2024-01-12T10:31:05","guid":{"rendered":"http:\/\/127.0.0.1\/TECHNORIAT\/?page_id=2015"},"modified":"2024-01-12T11:32:26","modified_gmt":"2024-01-12T10:32:26","slug":"candidature","status":"publish","type":"page","link":"https:\/\/technoriat.net\/en\/candidature\/","title":{"rendered":"candidature"},"content":{"rendered":"<div data-elementor-type=\"wp-page\" data-elementor-id=\"2015\" class=\"elementor elementor-2015\">\n\t\t\t\t<div class=\"elementor-element elementor-element-b86cec6 e-flex e-con-boxed e-con e-parent\" data-id=\"b86cec6\" data-element_type=\"container\" data-e-type=\"container\" data-settings=\"{&quot;background_background&quot;:&quot;classic&quot;}\">\n\t\t\t\t\t<div class=\"e-con-inner\">\n\t\t\t\t<div class=\"elementor-element elementor-element-fb731ed elementor-widget elementor-widget-heading\" data-id=\"fb731ed\" data-element_type=\"widget\" data-e-type=\"widget\" data-widget_type=\"heading.default\">\n\t\t\t\t<div class=\"elementor-widget-container\">\n\t\t\t\t\t<h3 class=\"elementor-heading-title elementor-size-default\">Appel \u00c0 Candidature:<br>\nProjet De Soutien Aux Startups Technologiques<\/h3>\t\t\t\t<\/div>\n\t\t\t\t<\/div>\n\t\t\t\t<div class=\"elementor-element elementor-element-4044e0f elementor-widget elementor-widget-text-editor\" data-id=\"4044e0f\" data-element_type=\"widget\" data-e-type=\"widget\" data-widget_type=\"text-editor.default\">\n\t\t\t\t<div class=\"elementor-widget-container\">\n\t\t\t\t\t\t\t\t\t<p><strong>Projet de Soutien aux Startups Technologiques<\/strong><br \/>Le projet TECHNORIAT a pour objectif de cr\u00e9er des startups technologiques issues des r\u00e9sultats scientifiques des centaines de laboratoires de recherche tunisiens.<br \/>Le projet Technoriat, dans sa premiere version, consiste \u00e0:<br \/>-S\u00e9lectionner 24 entrepreneurs chercheurs, appel\u00e9s TECHNORIATES,<br \/>-Accompagner 12 TECHNORIATES pour une premiere p\u00e9riode d&rsquo;incubation de 8 mois,<br \/>-S\u00e9lectionner 6 TECHNORIATES pour les accompagner pendant 12 mois suppl\u00e9mentaires \u00e0 l&rsquo;internationalisation (p\u00e9riode d&rsquo;acc\u00e9l\u00e9ration),<\/p><p><strong>Dates cl\u00e9s:<\/strong><br \/>&#8211; Lancement de l&rsquo;appel \u00e0 candidatures : du 7 janvier 2020 &#8212; 25 f\u00e9vrier 2021 \u00e0 minuit<br \/>&#8211; Notification aux candidats pr\u00e9-s\u00e9lectionn\u00e9s : 28 f\u00e9vrier 2021<br \/>&#8211; Entrepreneurship ability test : 28 f\u00e9vrier 2021 &#8212; 6 mars 2021<br \/>&#8211; Entretien\/pitch pour les candidats retenus apr\u00e8s le test : 6 mars 2021 &#8212; 14 mars 2021<br \/>&#8211; Notification aux candidats s\u00e9lectionn\u00e9s : 22 mars 2021<br \/>&#8211; D\u00e9marrage du bootcamp : 3 avril 2021<\/p><p style=\"text-align: center;\">&#8212;<\/p><p style=\"text-align: center;\">Les candidatures pour le programme Technoriat\u00a0<span class=\"zn-fontweight\">sont d\u00e9sormais closes<\/span>.<br \/>Merci de tout l&rsquo;int\u00e9r\u00eat que vous avez port\u00e9 au projet, et bonne chance \u00e0 tous les candidats.<\/p><p style=\"text-align: center;\">Si vous avez une question ou une demande, n&rsquo;h\u00e9sitez pas \u00e0 nous envoyer un mail \u00e0 :<br \/><span class=\"zn-fontweight\">contact@technoriat.net<\/span><\/p>\t\t\t\t\t\t\t\t<\/div>\n\t\t\t\t<\/div>\n\t\t\t\t\t<\/div>\n\t\t\t\t<\/div>\n\t\t\t\t<\/div>","protected":false},"excerpt":{"rendered":"<p>Appel \u00c0 Candidature: Projet De Soutien Aux Startups Technologiques Projet de Soutien aux Startups TechnologiquesLe projet TECHNORIAT a pour objectif de cr\u00e9er des startups technologiques issues des r\u00e9sultats scientifiques des centaines de laboratoires de recherche tunisiens.Le projet Technoriat, dans sa premiere version, consiste \u00e0:-S\u00e9lectionner 24 entrepreneurs chercheurs, appel\u00e9s TECHNORIATES,-Accompagner 12 TECHNORIATES pour une premiere p\u00e9riode [&hellip;]<\/p>","protected":false},"author":1,"featured_media":0,"parent":0,"menu_order":0,"comment_status":"closed","ping_status":"closed","template":"","meta":{"site-sidebar-layout":"no-sidebar","site-content-layout":"page-builder","ast-site-content-layout":"full-width-container","site-content-style":"default","site-sidebar-style":"default","ast-global-header-display":"","ast-banner-title-visibility":"","ast-main-header-display":"","ast-hfb-above-header-display":"","ast-hfb-below-header-display":"","ast-hfb-mobile-header-display":"","site-post-title":"disabled","ast-breadcrumbs-content":"","ast-featured-img":"disabled","footer-sml-layout":"","ast-disable-related-posts":"","theme-transparent-header-meta":"","adv-header-id-meta":"","stick-header-meta":"","header-above-stick-meta":"","header-main-stick-meta":"","header-below-stick-meta":"","astra-migrate-meta-layouts":"set","ast-page-background-enabled":"default","ast-page-background-meta":{"desktop":{"background-color":"","background-image":"","background-repeat":"repeat","background-position":"center center","background-size":"auto","background-attachment":"scroll","background-type":"","background-media":"","overlay-type":"","overlay-color":"","overlay-opacity":"","overlay-gradient":""},"tablet":{"background-color":"","background-image":"","background-repeat":"repeat","background-position":"center center","background-size":"auto","background-attachment":"scroll","background-type":"","background-media":"","overlay-type":"","overlay-color":"","overlay-opacity":"","overlay-gradient":""},"mobile":{"background-color":"","background-image":"","background-repeat":"repeat","background-position":"center center","background-size":"auto","background-attachment":"scroll","background-type":"","background-media":"","overlay-type":"","overlay-color":"","overlay-opacity":"","overlay-gradient":""}},"ast-content-background-meta":{"desktop":{"background-color":"var(--ast-global-color-5)","background-image":"","background-repeat":"repeat","background-position":"center center","background-size":"auto","background-attachment":"scroll","background-type":"","background-media":"","overlay-type":"","overlay-color":"","overlay-opacity":"","overlay-gradient":""},"tablet":{"background-color":"var(--ast-global-color-5)","background-image":"","background-repeat":"repeat","background-position":"center center","background-size":"auto","background-attachment":"scroll","background-type":"","background-media":"","overlay-type":"","overlay-color":"","overlay-opacity":"","overlay-gradient":""},"mobile":{"background-color":"var(--ast-global-color-5)","background-image":"","background-repeat":"repeat","background-position":"center center","background-size":"auto","background-attachment":"scroll","background-type":"","background-media":"","overlay-type":"","overlay-color":"","overlay-opacity":"","overlay-gradient":""}},"footnotes":""},"class_list":["post-2015","page","type-page","status-publish","hentry"],"yoast_head":"<!-- This site is optimized with the Yoast SEO plugin v22.4 - https:\/\/yoast.com\/wordpress\/plugins\/seo\/ -->\n<title>candidature - TECHNORIAT<\/title>\n<meta name=\"robots\" content=\"index, follow, max-snippet:-1, max-image-preview:large, max-video-preview:-1\" \/>\n<link rel=\"canonical\" href=\"https:\/\/technoriat.net\/en\/candidature\/\" \/>\n<meta property=\"og:locale\" content=\"en_US\" \/>\n<meta property=\"og:type\" content=\"article\" \/>\n<meta property=\"og:title\" content=\"candidature - TECHNORIAT\" \/>\n<meta property=\"og:description\" content=\"Appel \u00c0 Candidature: Projet De Soutien Aux Startups Technologiques Projet de Soutien aux Startups TechnologiquesLe projet TECHNORIAT a pour objectif de cr\u00e9er des startups technologiques issues des r\u00e9sultats scientifiques des centaines de laboratoires de recherche tunisiens.Le projet Technoriat, dans sa premiere version, consiste \u00e0:-S\u00e9lectionner 24 entrepreneurs chercheurs, appel\u00e9s TECHNORIATES,-Accompagner 12 TECHNORIATES pour une premiere p\u00e9riode [&hellip;]\" \/>\n<meta property=\"og:url\" content=\"https:\/\/technoriat.net\/en\/candidature\/\" \/>\n<meta property=\"og:site_name\" content=\"TECHNORIAT\" \/>\n<meta property=\"article:publisher\" content=\"https:\/\/www.facebook.com\/Technoriat\" \/>\n<meta property=\"article:modified_time\" content=\"2024-01-12T10:32:26+00:00\" \/>\n<meta name=\"twitter:card\" content=\"summary_large_image\" \/>\n<meta name=\"twitter:site\" content=\"@Technoriat\" \/>\n<meta name=\"twitter:label1\" content=\"Est. reading time\" \/>\n\t<meta name=\"twitter:data1\" content=\"1 minute\" \/>\n<script type=\"application\/ld+json\" class=\"yoast-schema-graph\">{\"@context\":\"https:\/\/schema.org\",\"@graph\":[{\"@type\":\"WebPage\",\"@id\":\"https:\/\/technoriat.net\/candidature\/\",\"url\":\"https:\/\/technoriat.net\/candidature\/\",\"name\":\"candidature - TECHNORIAT\",\"isPartOf\":{\"@id\":\"https:\/\/technoriat.net\/#website\"},\"datePublished\":\"2024-01-12T10:31:05+00:00\",\"dateModified\":\"2024-01-12T10:32:26+00:00\",\"breadcrumb\":{\"@id\":\"https:\/\/technoriat.net\/candidature\/#breadcrumb\"},\"inLanguage\":\"en-US\",\"potentialAction\":[{\"@type\":\"ReadAction\",\"target\":[\"https:\/\/technoriat.net\/candidature\/\"]}]},{\"@type\":\"BreadcrumbList\",\"@id\":\"https:\/\/technoriat.net\/candidature\/#breadcrumb\",\"itemListElement\":[{\"@type\":\"ListItem\",\"position\":1,\"name\":\"Accueil\",\"item\":\"https:\/\/technoriat.net\/\"},{\"@type\":\"ListItem\",\"position\":2,\"name\":\"candidature\"}]},{\"@type\":\"WebSite\",\"@id\":\"https:\/\/technoriat.net\/#website\",\"url\":\"https:\/\/technoriat.net\/\",\"name\":\"TECHNORIAT\",\"description\":\"TECHNORIAT\",\"publisher\":{\"@id\":\"https:\/\/technoriat.net\/#organization\"},\"potentialAction\":[{\"@type\":\"SearchAction\",\"target\":{\"@type\":\"EntryPoint\",\"urlTemplate\":\"https:\/\/technoriat.net\/?s={search_term_string}\"},\"query-input\":\"required name=search_term_string\"}],\"inLanguage\":\"en-US\"},{\"@type\":\"Organization\",\"@id\":\"https:\/\/technoriat.net\/#organization\",\"name\":\"TECHNORIAT\",\"url\":\"https:\/\/technoriat.net\/\",\"logo\":{\"@type\":\"ImageObject\",\"inLanguage\":\"en-US\",\"@id\":\"https:\/\/technoriat.net\/#\/schema\/logo\/image\/\",\"url\":\"https:\/\/technoriat.net\/wp-content\/uploads\/2024\/01\/cropped-cropped-logo-technoriat-2.0-_Plan-de-travail-1-02.png\",\"contentUrl\":\"https:\/\/technoriat.net\/wp-content\/uploads\/2024\/01\/cropped-cropped-logo-technoriat-2.0-_Plan-de-travail-1-02.png\",\"width\":1080,\"height\":360,\"caption\":\"TECHNORIAT\"},\"image\":{\"@id\":\"https:\/\/technoriat.net\/#\/schema\/logo\/image\/\"},\"sameAs\":[\"https:\/\/www.facebook.com\/Technoriat\",\"https:\/\/twitter.com\/Technoriat\"]}]}<\/script>\n<!-- \/ Yoast SEO plugin. -->","yoast_head_json":{"title":"candidature - TECHNORIAT","robots":{"index":"index","follow":"follow","max-snippet":"max-snippet:-1","max-image-preview":"max-image-preview:large","max-video-preview":"max-video-preview:-1"},"canonical":"https:\/\/technoriat.net\/en\/candidature\/","og_locale":"en_US","og_type":"article","og_title":"candidature - TECHNORIAT","og_description":"Appel \u00c0 Candidature: Projet De Soutien Aux Startups Technologiques Projet de Soutien aux Startups TechnologiquesLe projet TECHNORIAT a pour objectif de cr\u00e9er des startups technologiques issues des r\u00e9sultats scientifiques des centaines de laboratoires de recherche tunisiens.Le projet Technoriat, dans sa premiere version, consiste \u00e0:-S\u00e9lectionner 24 entrepreneurs chercheurs, appel\u00e9s TECHNORIATES,-Accompagner 12 TECHNORIATES pour une premiere p\u00e9riode [&hellip;]","og_url":"https:\/\/technoriat.net\/en\/candidature\/","og_site_name":"TECHNORIAT","article_publisher":"https:\/\/www.facebook.com\/Technoriat","article_modified_time":"2024-01-12T10:32:26+00:00","twitter_card":"summary_large_image","twitter_site":"@Technoriat","twitter_misc":{"Est. reading time":"1 minute"},"schema":{"@context":"https:\/\/schema.org","@graph":[{"@type":"WebPage","@id":"https:\/\/technoriat.net\/candidature\/","url":"https:\/\/technoriat.net\/candidature\/","name":"candidature - TECHNORIAT","isPartOf":{"@id":"https:\/\/technoriat.net\/#website"},"datePublished":"2024-01-12T10:31:05+00:00","dateModified":"2024-01-12T10:32:26+00:00","breadcrumb":{"@id":"https:\/\/technoriat.net\/candidature\/#breadcrumb"},"inLanguage":"en-US","potentialAction":[{"@type":"ReadAction","target":["https:\/\/technoriat.net\/candidature\/"]}]},{"@type":"BreadcrumbList","@id":"https:\/\/technoriat.net\/candidature\/#breadcrumb","itemListElement":[{"@type":"ListItem","position":1,"name":"Accueil","item":"https:\/\/technoriat.net\/"},{"@type":"ListItem","position":2,"name":"candidature"}]},{"@type":"WebSite","@id":"https:\/\/technoriat.net\/#website","url":"https:\/\/technoriat.net\/","name":"TECHNORIAT","description":"TECHNORIAT","publisher":{"@id":"https:\/\/technoriat.net\/#organization"},"potentialAction":[{"@type":"SearchAction","target":{"@type":"EntryPoint","urlTemplate":"https:\/\/technoriat.net\/?s={search_term_string}"},"query-input":"required name=search_term_string"}],"inLanguage":"en-US"},{"@type":"Organization","@id":"https:\/\/technoriat.net\/#organization","name":"TECHNORIAT","url":"https:\/\/technoriat.net\/","logo":{"@type":"ImageObject","inLanguage":"en-US","@id":"https:\/\/technoriat.net\/#\/schema\/logo\/image\/","url":"https:\/\/technoriat.net\/wp-content\/uploads\/2024\/01\/cropped-cropped-logo-technoriat-2.0-_Plan-de-travail-1-02.png","contentUrl":"https:\/\/technoriat.net\/wp-content\/uploads\/2024\/01\/cropped-cropped-logo-technoriat-2.0-_Plan-de-travail-1-02.png","width":1080,"height":360,"caption":"TECHNORIAT"},"image":{"@id":"https:\/\/technoriat.net\/#\/schema\/logo\/image\/"},"sameAs":["https:\/\/www.facebook.com\/Technoriat","https:\/\/twitter.com\/Technoriat"]}]}},"_links":{"self":[{"href":"https:\/\/technoriat.net\/en\/wp-json\/wp\/v2\/pages\/2015","targetHints":{"allow":["GET"]}}],"collection":[{"href":"https:\/\/technoriat.net\/en\/wp-json\/wp\/v2\/pages"}],"about":[{"href":"https:\/\/technoriat.net\/en\/wp-json\/wp\/v2\/types\/page"}],"author":[{"embeddable":true,"href":"https:\/\/technoriat.net\/en\/wp-json\/wp\/v2\/users\/1"}],"replies":[{"embeddable":true,"href":"https:\/\/technoriat.net\/en\/wp-json\/wp\/v2\/comments?post=2015"}],"version-history":[{"count":4,"href":"https:\/\/technoriat.net\/en\/wp-json\/wp\/v2\/pages\/2015\/revisions"}],"predecessor-version":[{"id":2019,"href":"https:\/\/technoriat.net\/en\/wp-json\/wp\/v2\/pages\/2015\/revisions\/2019"}],"wp:attachment":[{"href":"https:\/\/technoriat.net\/en\/wp-json\/wp\/v2\/media?parent=2015"}],"curies":[{"name":"wp","href":"https:\/\/api.w.org\/{rel}","templated":true}]}}