{"id":1714,"date":"2024-01-07T14:41:26","date_gmt":"2024-01-07T13:41:26","guid":{"rendered":"http:\/\/127.0.0.1\/TECHNORIAT\/?page_id=1714"},"modified":"2024-02-02T14:14:38","modified_gmt":"2024-02-02T13:14:38","slug":"communaute","status":"publish","type":"page","link":"https:\/\/technoriat.net\/en\/communaute\/","title":{"rendered":"COMMUNITY"},"content":{"rendered":"<div data-elementor-type=\"wp-page\" data-elementor-id=\"1714\" class=\"elementor elementor-1714\">\n\t\t\t\t<div class=\"elementor-element elementor-element-1991cf9 e-flex e-con-boxed e-con e-parent\" data-id=\"1991cf9\" data-element_type=\"container\" data-e-type=\"container\" data-settings=\"{&quot;background_background&quot;:&quot;classic&quot;}\">\n\t\t\t\t\t<div class=\"e-con-inner\">\n\t\t\t\t<div class=\"elementor-element elementor-element-041d4b3 elementor-widget elementor-widget-heading\" data-id=\"041d4b3\" data-element_type=\"widget\" data-e-type=\"widget\" data-widget_type=\"heading.default\">\n\t\t\t\t<div class=\"elementor-widget-container\">\n\t\t\t\t\t<h2 class=\"elementor-heading-title elementor-size-default\">Join us!\n<\/h2>\t\t\t\t<\/div>\n\t\t\t\t<\/div>\n\t\t\t\t<div class=\"elementor-element elementor-element-e1a441f elementor-widget elementor-widget-text-editor\" data-id=\"e1a441f\" data-element_type=\"widget\" data-e-type=\"widget\" data-widget_type=\"text-editor.default\">\n\t\t\t\t<div class=\"elementor-widget-container\">\n\t\t\t\t\t\t\t\t\t<p class=\" translation-block\"><span style=\"color: #ffffff\">If you would like to share your opinions and articles with us, please send<\/span><br><span style=\"color: #ffffff\">your texts to:<\/span><\/p><p><span style=\"color: #ffffff;\"><a class=\"mail-link\" style=\"color: #ffffff;\" href=\"mailto:contact@ourdigitalfuture.org\">contact@ourdigitalfuture.org<\/a><\/span><\/p>\t\t\t\t\t\t\t\t<\/div>\n\t\t\t\t<\/div>\n\t\t\t\t<div class=\"elementor-element elementor-element-f6693a2 elementor-widget elementor-widget-button\" data-id=\"f6693a2\" data-element_type=\"widget\" data-e-type=\"widget\" data-widget_type=\"button.default\">\n\t\t\t\t<div class=\"elementor-widget-container\">\n\t\t\t\t\t\t\t\t\t<div class=\"elementor-button-wrapper\">\n\t\t\t\t\t<a class=\"elementor-button elementor-button-link elementor-size-sm\" href=\"#\">\n\t\t\t\t\t\t<span class=\"elementor-button-content-wrapper\">\n\t\t\t\t\t\t\t\t\t<span class=\"elementor-button-text\">Join us<\/span>\n\t\t\t\t\t<\/span>\n\t\t\t\t\t<\/a>\n\t\t\t\t<\/div>\n\t\t\t\t\t\t\t\t<\/div>\n\t\t\t\t<\/div>\n\t\t\t\t\t<\/div>\n\t\t\t\t<\/div>\n\t\t\t\t<\/div>","protected":false},"excerpt":{"rendered":"<p>Contribuez Avec Nous ! Si vous souhaitez partager avec nous vos opinions et articles, nous vous invitons \u00e0 transf\u00e9rervos textes \u00e0: contact@ourdigitalfuture.org Contribuez<\/p>","protected":false},"author":1,"featured_media":2361,"parent":0,"menu_order":0,"comment_status":"closed","ping_status":"closed","template":"","meta":{"site-sidebar-layout":"no-sidebar","site-content-layout":"page-builder","ast-site-content-layout":"full-width-container","site-content-style":"unboxed","site-sidebar-style":"unboxed","ast-global-header-display":"","ast-banner-title-visibility":"","ast-main-header-display":"","ast-hfb-above-header-display":"","ast-hfb-below-header-display":"","ast-hfb-mobile-header-display":"","site-post-title":"disabled","ast-breadcrumbs-content":"","ast-featured-img":"disabled","footer-sml-layout":"","ast-disable-related-posts":"","theme-transparent-header-meta":"","adv-header-id-meta":"","stick-header-meta":"","header-above-stick-meta":"","header-main-stick-meta":"","header-below-stick-meta":"","astra-migrate-meta-layouts":"set","ast-page-background-enabled":"default","ast-page-background-meta":{"desktop":{"background-color":"","background-image":"","background-repeat":"repeat","background-position":"center center","background-size":"auto","background-attachment":"scroll","background-type":"","background-media":"","overlay-type":"","overlay-color":"","overlay-opacity":"","overlay-gradient":""},"tablet":{"background-color":"","background-image":"","background-repeat":"repeat","background-position":"center center","background-size":"auto","background-attachment":"scroll","background-type":"","background-media":"","overlay-type":"","overlay-color":"","overlay-opacity":"","overlay-gradient":""},"mobile":{"background-color":"","background-image":"","background-repeat":"repeat","background-position":"center center","background-size":"auto","background-attachment":"scroll","background-type":"","background-media":"","overlay-type":"","overlay-color":"","overlay-opacity":"","overlay-gradient":""}},"ast-content-background-meta":{"desktop":{"background-color":"var(--ast-global-color-5)","background-image":"","background-repeat":"repeat","background-position":"center center","background-size":"auto","background-attachment":"scroll","background-type":"","background-media":"","overlay-type":"","overlay-color":"","overlay-opacity":"","overlay-gradient":""},"tablet":{"background-color":"var(--ast-global-color-5)","background-image":"","background-repeat":"repeat","background-position":"center center","background-size":"auto","background-attachment":"scroll","background-type":"","background-media":"","overlay-type":"","overlay-color":"","overlay-opacity":"","overlay-gradient":""},"mobile":{"background-color":"var(--ast-global-color-5)","background-image":"","background-repeat":"repeat","background-position":"center center","background-size":"auto","background-attachment":"scroll","background-type":"","background-media":"","overlay-type":"","overlay-color":"","overlay-opacity":"","overlay-gradient":""}},"footnotes":""},"class_list":["post-1714","page","type-page","status-publish","has-post-thumbnail","hentry"],"yoast_head":"<!-- This site is optimized with the Yoast SEO plugin v22.4 - https:\/\/yoast.com\/wordpress\/plugins\/seo\/ -->\n<title>COMMUNAUT\u00c9 - TECHNORIAT<\/title>\n<meta name=\"description\" content=\"Si vous souhaitez partager avec nous vos opinions et articles, nous vous invitons \u00e0 transf\u00e9rer vos textes \u00e0:contact@ourdigitalfuture.org\" \/>\n<meta name=\"robots\" content=\"index, follow, max-snippet:-1, max-image-preview:large, max-video-preview:-1\" \/>\n<link rel=\"canonical\" href=\"https:\/\/technoriat.net\/en\/communaute\/\" \/>\n<meta property=\"og:locale\" content=\"en_US\" \/>\n<meta property=\"og:type\" content=\"article\" \/>\n<meta property=\"og:title\" content=\"COMMUNAUT\u00c9 - TECHNORIAT\" \/>\n<meta property=\"og:description\" content=\"Si vous souhaitez partager avec nous vos opinions et articles, nous vous invitons \u00e0 transf\u00e9rer vos textes \u00e0:contact@ourdigitalfuture.org\" \/>\n<meta property=\"og:url\" content=\"https:\/\/technoriat.net\/en\/communaute\/\" \/>\n<meta property=\"og:site_name\" content=\"TECHNORIAT\" \/>\n<meta property=\"article:publisher\" content=\"https:\/\/www.facebook.com\/Technoriat\" \/>\n<meta property=\"article:modified_time\" content=\"2024-02-02T13:14:38+00:00\" \/>\n<meta property=\"og:image\" content=\"https:\/\/technoriat.net\/wp-content\/uploads\/2024\/01\/logo-technoriat-2.0_Plan-de-travail-1-01.png\" \/>\n\t<meta property=\"og:image:width\" content=\"4501\" \/>\n\t<meta property=\"og:image:height\" content=\"4501\" \/>\n\t<meta property=\"og:image:type\" content=\"image\/png\" \/>\n<meta name=\"twitter:card\" content=\"summary_large_image\" \/>\n<meta name=\"twitter:site\" content=\"@Technoriat\" \/>\n<meta name=\"twitter:label1\" content=\"Est. reading time\" \/>\n\t<meta name=\"twitter:data1\" content=\"1 minute\" \/>\n<script type=\"application\/ld+json\" class=\"yoast-schema-graph\">{\"@context\":\"https:\/\/schema.org\",\"@graph\":[{\"@type\":\"WebPage\",\"@id\":\"https:\/\/technoriat.net\/communaute\/\",\"url\":\"https:\/\/technoriat.net\/communaute\/\",\"name\":\"COMMUNAUT\u00c9 - TECHNORIAT\",\"isPartOf\":{\"@id\":\"https:\/\/technoriat.net\/#website\"},\"primaryImageOfPage\":{\"@id\":\"https:\/\/technoriat.net\/communaute\/#primaryimage\"},\"image\":{\"@id\":\"https:\/\/technoriat.net\/communaute\/#primaryimage\"},\"thumbnailUrl\":\"https:\/\/technoriat.net\/wp-content\/uploads\/2024\/01\/logo-technoriat-2.0_Plan-de-travail-1-01.png\",\"datePublished\":\"2024-01-07T13:41:26+00:00\",\"dateModified\":\"2024-02-02T13:14:38+00:00\",\"description\":\"Si vous souhaitez partager avec nous vos opinions et articles, nous vous invitons \u00e0 transf\u00e9rer vos textes \u00e0:contact@ourdigitalfuture.org\",\"breadcrumb\":{\"@id\":\"https:\/\/technoriat.net\/communaute\/#breadcrumb\"},\"inLanguage\":\"en-US\",\"potentialAction\":[{\"@type\":\"ReadAction\",\"target\":[\"https:\/\/technoriat.net\/communaute\/\"]}]},{\"@type\":\"ImageObject\",\"inLanguage\":\"en-US\",\"@id\":\"https:\/\/technoriat.net\/communaute\/#primaryimage\",\"url\":\"https:\/\/technoriat.net\/wp-content\/uploads\/2024\/01\/logo-technoriat-2.0_Plan-de-travail-1-01.png\",\"contentUrl\":\"https:\/\/technoriat.net\/wp-content\/uploads\/2024\/01\/logo-technoriat-2.0_Plan-de-travail-1-01.png\",\"width\":4501,\"height\":4501},{\"@type\":\"BreadcrumbList\",\"@id\":\"https:\/\/technoriat.net\/communaute\/#breadcrumb\",\"itemListElement\":[{\"@type\":\"ListItem\",\"position\":1,\"name\":\"Accueil\",\"item\":\"https:\/\/technoriat.net\/\"},{\"@type\":\"ListItem\",\"position\":2,\"name\":\"COMMUNAUT\u00c9\"}]},{\"@type\":\"WebSite\",\"@id\":\"https:\/\/technoriat.net\/#website\",\"url\":\"https:\/\/technoriat.net\/\",\"name\":\"TECHNORIAT\",\"description\":\"TECHNORIAT\",\"publisher\":{\"@id\":\"https:\/\/technoriat.net\/#organization\"},\"potentialAction\":[{\"@type\":\"SearchAction\",\"target\":{\"@type\":\"EntryPoint\",\"urlTemplate\":\"https:\/\/technoriat.net\/?s={search_term_string}\"},\"query-input\":\"required name=search_term_string\"}],\"inLanguage\":\"en-US\"},{\"@type\":\"Organization\",\"@id\":\"https:\/\/technoriat.net\/#organization\",\"name\":\"TECHNORIAT\",\"url\":\"https:\/\/technoriat.net\/\",\"logo\":{\"@type\":\"ImageObject\",\"inLanguage\":\"en-US\",\"@id\":\"https:\/\/technoriat.net\/#\/schema\/logo\/image\/\",\"url\":\"https:\/\/technoriat.net\/wp-content\/uploads\/2024\/01\/cropped-cropped-logo-technoriat-2.0-_Plan-de-travail-1-02.png\",\"contentUrl\":\"https:\/\/technoriat.net\/wp-content\/uploads\/2024\/01\/cropped-cropped-logo-technoriat-2.0-_Plan-de-travail-1-02.png\",\"width\":1080,\"height\":360,\"caption\":\"TECHNORIAT\"},\"image\":{\"@id\":\"https:\/\/technoriat.net\/#\/schema\/logo\/image\/\"},\"sameAs\":[\"https:\/\/www.facebook.com\/Technoriat\",\"https:\/\/twitter.com\/Technoriat\"]}]}<\/script>\n<!-- \/ Yoast SEO plugin. -->","yoast_head_json":{"title":"COMMUNAUT\u00c9 - TECHNORIAT","description":"Si vous souhaitez partager avec nous vos opinions et articles, nous vous invitons \u00e0 transf\u00e9rer vos textes \u00e0:contact@ourdigitalfuture.org","robots":{"index":"index","follow":"follow","max-snippet":"max-snippet:-1","max-image-preview":"max-image-preview:large","max-video-preview":"max-video-preview:-1"},"canonical":"https:\/\/technoriat.net\/en\/communaute\/","og_locale":"en_US","og_type":"article","og_title":"COMMUNAUT\u00c9 - TECHNORIAT","og_description":"Si vous souhaitez partager avec nous vos opinions et articles, nous vous invitons \u00e0 transf\u00e9rer vos textes \u00e0:contact@ourdigitalfuture.org","og_url":"https:\/\/technoriat.net\/en\/communaute\/","og_site_name":"TECHNORIAT","article_publisher":"https:\/\/www.facebook.com\/Technoriat","article_modified_time":"2024-02-02T13:14:38+00:00","og_image":[{"width":4501,"height":4501,"url":"https:\/\/technoriat.net\/wp-content\/uploads\/2024\/01\/logo-technoriat-2.0_Plan-de-travail-1-01.png","type":"image\/png"}],"twitter_card":"summary_large_image","twitter_site":"@Technoriat","twitter_misc":{"Est. reading time":"1 minute"},"schema":{"@context":"https:\/\/schema.org","@graph":[{"@type":"WebPage","@id":"https:\/\/technoriat.net\/communaute\/","url":"https:\/\/technoriat.net\/communaute\/","name":"COMMUNAUT\u00c9 - TECHNORIAT","isPartOf":{"@id":"https:\/\/technoriat.net\/#website"},"primaryImageOfPage":{"@id":"https:\/\/technoriat.net\/communaute\/#primaryimage"},"image":{"@id":"https:\/\/technoriat.net\/communaute\/#primaryimage"},"thumbnailUrl":"https:\/\/technoriat.net\/wp-content\/uploads\/2024\/01\/logo-technoriat-2.0_Plan-de-travail-1-01.png","datePublished":"2024-01-07T13:41:26+00:00","dateModified":"2024-02-02T13:14:38+00:00","description":"Si vous souhaitez partager avec nous vos opinions et articles, nous vous invitons \u00e0 transf\u00e9rer vos textes \u00e0:contact@ourdigitalfuture.org","breadcrumb":{"@id":"https:\/\/technoriat.net\/communaute\/#breadcrumb"},"inLanguage":"en-US","potentialAction":[{"@type":"ReadAction","target":["https:\/\/technoriat.net\/communaute\/"]}]},{"@type":"ImageObject","inLanguage":"en-US","@id":"https:\/\/technoriat.net\/communaute\/#primaryimage","url":"https:\/\/technoriat.net\/wp-content\/uploads\/2024\/01\/logo-technoriat-2.0_Plan-de-travail-1-01.png","contentUrl":"https:\/\/technoriat.net\/wp-content\/uploads\/2024\/01\/logo-technoriat-2.0_Plan-de-travail-1-01.png","width":4501,"height":4501},{"@type":"BreadcrumbList","@id":"https:\/\/technoriat.net\/communaute\/#breadcrumb","itemListElement":[{"@type":"ListItem","position":1,"name":"Accueil","item":"https:\/\/technoriat.net\/"},{"@type":"ListItem","position":2,"name":"COMMUNAUT\u00c9"}]},{"@type":"WebSite","@id":"https:\/\/technoriat.net\/#website","url":"https:\/\/technoriat.net\/","name":"TECHNORIAT","description":"TECHNORIAT","publisher":{"@id":"https:\/\/technoriat.net\/#organization"},"potentialAction":[{"@type":"SearchAction","target":{"@type":"EntryPoint","urlTemplate":"https:\/\/technoriat.net\/?s={search_term_string}"},"query-input":"required name=search_term_string"}],"inLanguage":"en-US"},{"@type":"Organization","@id":"https:\/\/technoriat.net\/#organization","name":"TECHNORIAT","url":"https:\/\/technoriat.net\/","logo":{"@type":"ImageObject","inLanguage":"en-US","@id":"https:\/\/technoriat.net\/#\/schema\/logo\/image\/","url":"https:\/\/technoriat.net\/wp-content\/uploads\/2024\/01\/cropped-cropped-logo-technoriat-2.0-_Plan-de-travail-1-02.png","contentUrl":"https:\/\/technoriat.net\/wp-content\/uploads\/2024\/01\/cropped-cropped-logo-technoriat-2.0-_Plan-de-travail-1-02.png","width":1080,"height":360,"caption":"TECHNORIAT"},"image":{"@id":"https:\/\/technoriat.net\/#\/schema\/logo\/image\/"},"sameAs":["https:\/\/www.facebook.com\/Technoriat","https:\/\/twitter.com\/Technoriat"]}]}},"_links":{"self":[{"href":"https:\/\/technoriat.net\/en\/wp-json\/wp\/v2\/pages\/1714","targetHints":{"allow":["GET"]}}],"collection":[{"href":"https:\/\/technoriat.net\/en\/wp-json\/wp\/v2\/pages"}],"about":[{"href":"https:\/\/technoriat.net\/en\/wp-json\/wp\/v2\/types\/page"}],"author":[{"embeddable":true,"href":"https:\/\/technoriat.net\/en\/wp-json\/wp\/v2\/users\/1"}],"replies":[{"embeddable":true,"href":"https:\/\/technoriat.net\/en\/wp-json\/wp\/v2\/comments?post=1714"}],"version-history":[{"count":35,"href":"https:\/\/technoriat.net\/en\/wp-json\/wp\/v2\/pages\/1714\/revisions"}],"predecessor-version":[{"id":2979,"href":"https:\/\/technoriat.net\/en\/wp-json\/wp\/v2\/pages\/1714\/revisions\/2979"}],"wp:featuredmedia":[{"embeddable":true,"href":"https:\/\/technoriat.net\/en\/wp-json\/wp\/v2\/media\/2361"}],"wp:attachment":[{"href":"https:\/\/technoriat.net\/en\/wp-json\/wp\/v2\/media?parent=1714"}],"curies":[{"name":"wp","href":"https:\/\/api.w.org\/{rel}","templated":true}]}}